{"id":2419,"date":"2021-02-09T19:03:26","date_gmt":"2021-02-09T19:03:26","guid":{"rendered":"http:\/\/pibelgium.wpengine.com\/functionalities\/"},"modified":"2021-03-16T12:14:17","modified_gmt":"2021-03-16T12:14:17","slug":"functionalities","status":"publish","type":"page","link":"https:\/\/producedinbelgium.com\/fr\/functionalities\/","title":{"rendered":"Fonctionnalit\u00e9s"},"content":{"rendered":"<div class=\"wpb-content-wrapper\"><p>[vc_row row_height_percent=\u00a0\u00bb0&Prime; override_padding=\u00a0\u00bbyes\u00a0\u00bb h_padding=\u00a0\u00bb2&Prime; top_padding=\u00a0\u00bb3&Prime; bottom_padding=\u00a0\u00bb2&Prime; overlay_alpha=\u00a0\u00bb50&Prime; gutter_size=\u00a0\u00bb3&Prime; column_width_percent=\u00a0\u00bb100&Prime; shift_y=\u00a0\u00bb0&Prime; z_index=\u00a0\u00bb0&Prime;][vc_column column_width_percent=\u00a0\u00bb91&Prime; align_horizontal=\u00a0\u00bbalign_center\u00a0\u00bb gutter_size=\u00a0\u00bb2&Prime; overlay_alpha=\u00a0\u00bb50&Prime; shift_x=\u00a0\u00bb0&Prime; shift_y=\u00a0\u00bb0&Prime; shift_y_down=\u00a0\u00bb0&Prime; z_index=\u00a0\u00bb0&Prime; medium_width=\u00a0\u00bb0&Prime; mobile_width=\u00a0\u00bb0&Prime; width=\u00a0\u00bb1\/1&Prime;][vc_custom_heading text_font=\u00a0\u00bbfont-140630&Prime; text_size=\u00a0\u00bbh1&Prime; text_weight=\u00a0\u00bb800&Prime; text_color=\u00a0\u00bbcolor-jevc\u00a0\u00bb sub_lead=\u00a0\u00bbsmall\u00a0\u00bb sub_reduced=\u00a0\u00bbyes\u00a0\u00bb]Fonctionnalit\u00e9s[\/vc_custom_heading][vc_empty_space empty_h=\u00a0\u00bb1&Prime;][vc_row_inner row_inner_height_percent=\u00a0\u00bb0&Prime; overlay_alpha=\u00a0\u00bb50&Prime; equal_height=\u00a0\u00bbyes\u00a0\u00bb gutter_size=\u00a0\u00bb3&Prime; shift_y=\u00a0\u00bb0&Prime; z_index=\u00a0\u00bb0&Prime;][vc_column_inner column_width_percent=\u00a0\u00bb100&Prime; position_vertical=\u00a0\u00bbmiddle\u00a0\u00bb gutter_size=\u00a0\u00bb3&Prime; overlay_alpha=\u00a0\u00bb50&Prime; shift_x=\u00a0\u00bb0&Prime; shift_y=\u00a0\u00bb0&Prime; shift_y_down=\u00a0\u00bb0&Prime; z_index=\u00a0\u00bb0&Prime; medium_width=\u00a0\u00bb0&Prime; mobile_width=\u00a0\u00bb0&Prime; width=\u00a0\u00bb1\/1&Prime;][vc_custom_heading heading_semantic=\u00a0\u00bbh4&Prime; text_font=\u00a0\u00bbfont-140630&Prime; text_weight=\u00a0\u00bb800&Prime; text_color=\u00a0\u00bbcolor-jevc\u00a0\u00bb sub_reduced=\u00a0\u00bbyes\u00a0\u00bb]Le processus d\u2019obtention du label de qualit\u00e9 et de son score de qualit\u00e9[\/vc_custom_heading][vc_column_text]La licence d\u2019utilisation de notre label est annuelle. Elle est li\u00e9e \u00e0 la production d\u2019un produit belge en belgique. Produit qui doit obligatoirement \u00eatre export\u00e9 sur au minimum 1 march\u00e9 d\u2019exportation. Le maintien de l\u2019autorisation d\u2019utilisation du label est \u00e9galement li\u00e9e <u><a href=\"\/fr\/produced-in-belgium-certification-charter\/\">au respect de la charte de certification produced in belgium<\/a>.<\/u><\/p>\n<p>Une fois l\u2019obtention du label de qualit\u00e9 valid\u00e9 par notre comit\u00e9 d\u2019experts, une campagne de collecte d\u2019avis et de consultations de vos consommateurs sera lanc\u00e9e par nos \u00e9quipes et suivie tout au long de l\u2019ann\u00e9e en toute transparence et honn\u00eatet\u00e9.<\/p>\n<p>Cette consultation sera mise en place et publi\u00e9e en ligne \u00e0 la fois sur vos communications digitales et les sites de votre produit mais aussi au d\u00e9part d\u2019une page de profil \u00e0 votre nom\u00a0 que sera rendue publique sur\u00a0 www.producedinbelgium.com\/votremarque.<\/p>\n<p>Un total repr\u00e9sentatif d\u2019un maximum de 10.000 r\u00e9pondants de plus de 15 ans participera \u00e0 l\u2019\u00e9tablissement du r\u00e9sultat de votre score de qualit\u00e9 en toute transparence et honn\u00eate. Le maintien de l\u2019utilisation du label est li\u00e9e au respect de notre charte de certification produced in belgium.[\/vc_column_text][\/vc_column_inner][\/vc_row_inner][vc_empty_space empty_h=\u00a0\u00bb2&Prime;][vc_single_image media=\u00a0\u00bb2496&Prime; media_width_percent=\u00a0\u00bb100&Prime; alignment=\u00a0\u00bbcenter\u00a0\u00bb][vc_empty_space empty_h=\u00a0\u00bb2&Prime;][vc_row_inner row_inner_height_percent=\u00a0\u00bb0&Prime; overlay_alpha=\u00a0\u00bb50&Prime; equal_height=\u00a0\u00bbyes\u00a0\u00bb gutter_size=\u00a0\u00bb3&Prime; shift_y=\u00a0\u00bb0&Prime; z_index=\u00a0\u00bb0&Prime;][vc_column_inner column_width_percent=\u00a0\u00bb100&Prime; position_vertical=\u00a0\u00bbmiddle\u00a0\u00bb gutter_size=\u00a0\u00bb2&Prime; overlay_alpha=\u00a0\u00bb50&Prime; shift_x=\u00a0\u00bb0&Prime; shift_y=\u00a0\u00bb0&Prime; shift_y_down=\u00a0\u00bb0&Prime; z_index=\u00a0\u00bb0&Prime; medium_width=\u00a0\u00bb0&Prime; mobile_width=\u00a0\u00bb0&Prime; css_animation=\u00a0\u00bbright-t-left\u00a0\u00bb width=\u00a0\u00bb1\/2&Prime;][vc_custom_heading heading_semantic=\u00a0\u00bbh4&Prime; text_font=\u00a0\u00bbfont-140630&Prime; text_weight=\u00a0\u00bb800&Prime; text_color=\u00a0\u00bbcolor-jevc\u00a0\u00bb sub_reduced=\u00a0\u00bbyes\u00a0\u00bb]Le widget digital: votre score de qualit\u00e9 bien plus qu\u2019un simple label de qualit\u00e9[\/vc_custom_heading][vc_column_text]Il est \u00e0 ajouter sur votre site internet et est totalement dynamique. Votre label de qualit\u00e9 sera ainsi personnalis\u00e9 en temps r\u00e9el avec votre niveau de qualit\u00e9 en \u00e9toiles (calcul\u00e9 sur 5 \u00e9toiles), votre niveau de qualit\u00e9 en cotation (\/10), la cote que les consommateurs vous donnent, le nombre d\u2019avis &amp; le d\u00e9tail transparent\u00a0 de tous\u00a0 les avis consommateurs.[\/vc_column_text][vc_column_text text_lead=\u00a0\u00bbsmall\u00a0\u00bb]<em>* Il est construit sur base du NPS net promoter score et donne acc\u00e8s en toute transparence via www.producedinbelgium.com\/nomdevotremarque \u00e0 l\u2019ensemble des avis qui construisent votre score de qualit\u00e9<\/em>[\/vc_column_text][\/vc_column_inner][vc_column_inner column_width_percent=\u00a0\u00bb100&Prime; position_vertical=\u00a0\u00bbmiddle\u00a0\u00bb gutter_size=\u00a0\u00bb3&Prime; overlay_alpha=\u00a0\u00bb50&Prime; shift_x=\u00a0\u00bb0&Prime; shift_y=\u00a0\u00bb0&Prime; shift_y_down=\u00a0\u00bb0&Prime; z_index=\u00a0\u00bb0&Prime; medium_width=\u00a0\u00bb0&Prime; mobile_width=\u00a0\u00bb0&Prime; css_animation=\u00a0\u00bbleft-t-right\u00a0\u00bb width=\u00a0\u00bb1\/2&Prime;][vc_single_image media=\u00a0\u00bb2389&Prime; media_width_percent=\u00a0\u00bb100&Prime;][\/vc_column_inner][\/vc_row_inner][vc_empty_space empty_h=\u00a0\u00bb2&Prime;][vc_row_inner row_inner_height_percent=\u00a0\u00bb0&Prime; overlay_alpha=\u00a0\u00bb50&Prime; equal_height=\u00a0\u00bbyes\u00a0\u00bb gutter_size=\u00a0\u00bb3&Prime; shift_y=\u00a0\u00bb0&Prime; z_index=\u00a0\u00bb0&Prime;][vc_column_inner column_width_percent=\u00a0\u00bb100&Prime; position_vertical=\u00a0\u00bbmiddle\u00a0\u00bb gutter_size=\u00a0\u00bb3&Prime; overlay_alpha=\u00a0\u00bb50&Prime; shift_x=\u00a0\u00bb0&Prime; shift_y=\u00a0\u00bb0&Prime; shift_y_down=\u00a0\u00bb0&Prime; z_index=\u00a0\u00bb0&Prime; medium_width=\u00a0\u00bb0&Prime; mobile_width=\u00a0\u00bb0&Prime; css_animation=\u00a0\u00bbleft-t-right\u00a0\u00bb width=\u00a0\u00bb1\/2&Prime;][vc_single_image media=\u00a0\u00bb2386&Prime; media_width_percent=\u00a0\u00bb100&Prime;][\/vc_column_inner][vc_column_inner column_width_percent=\u00a0\u00bb100&Prime; position_vertical=\u00a0\u00bbmiddle\u00a0\u00bb gutter_size=\u00a0\u00bb2&Prime; overlay_alpha=\u00a0\u00bb50&Prime; shift_x=\u00a0\u00bb0&Prime; shift_y=\u00a0\u00bb0&Prime; shift_y_down=\u00a0\u00bb0&Prime; z_index=\u00a0\u00bb0&Prime; medium_width=\u00a0\u00bb0&Prime; mobile_width=\u00a0\u00bb0&Prime; css_animation=\u00a0\u00bbright-t-left\u00a0\u00bb width=\u00a0\u00bb1\/2&Prime;][vc_custom_heading heading_semantic=\u00a0\u00bbh4&Prime; text_font=\u00a0\u00bbfont-140630&Prime; text_weight=\u00a0\u00bb800&Prime; text_color=\u00a0\u00bbcolor-jevc\u00a0\u00bb sub_reduced=\u00a0\u00bbyes\u00a0\u00bb]Le gestionnaire d\u2019avis[\/vc_custom_heading][vc_column_text]Le gestionnaire d\u2019avis est votre environnement de travail s\u00e9curis\u00e9 afin de valider, publier et interagir directement avec vos consommateurs. Le gestionnaire d\u2019avis vous permet de r\u00e9colter, mod\u00e9rer et restituer la satisfaction de vos consommateurs dans le niveau de qualit\u00e9 attribu\u00e9 \u00e0 votre label de qualit\u00e9 produced in belgium sur les diff\u00e9rents supports web (site web, r\u00e9seaux sociaux, Google).[\/vc_column_text][\/vc_column_inner][\/vc_row_inner][vc_empty_space empty_h=\u00a0\u00bb2&Prime;][vc_row_inner row_inner_height_percent=\u00a0\u00bb0&Prime; overlay_alpha=\u00a0\u00bb50&Prime; equal_height=\u00a0\u00bbyes\u00a0\u00bb gutter_size=\u00a0\u00bb3&Prime; shift_y=\u00a0\u00bb0&Prime; z_index=\u00a0\u00bb0&Prime;][vc_column_inner column_width_percent=\u00a0\u00bb100&Prime; position_vertical=\u00a0\u00bbmiddle\u00a0\u00bb gutter_size=\u00a0\u00bb2&Prime; overlay_alpha=\u00a0\u00bb50&Prime; shift_x=\u00a0\u00bb0&Prime; shift_y=\u00a0\u00bb0&Prime; shift_y_down=\u00a0\u00bb0&Prime; z_index=\u00a0\u00bb0&Prime; medium_width=\u00a0\u00bb0&Prime; mobile_width=\u00a0\u00bb0&Prime; css_animation=\u00a0\u00bbleft-t-right\u00a0\u00bb width=\u00a0\u00bb1\/2&Prime;][vc_custom_heading heading_semantic=\u00a0\u00bbh4&Prime; text_font=\u00a0\u00bbfont-140630&Prime; text_weight=\u00a0\u00bb800&Prime; text_color=\u00a0\u00bbcolor-jevc\u00a0\u00bb sub_reduced=\u00a0\u00bbyes\u00a0\u00bb]Une page de profil au nom de votre produit\/entreprise.[\/vc_custom_heading][vc_column_text]Le d\u00e9tail de l\u2019ensemble des avis qui constituent le r\u00e9sultat de votre score de qualit\u00e9 (\/10) sera publi\u00e9 en toute transparence et honn\u00eate sur cette page \u00e0 votre nom.[\/vc_column_text][\/vc_column_inner][vc_column_inner column_width_percent=\u00a0\u00bb100&Prime; position_vertical=\u00a0\u00bbmiddle\u00a0\u00bb gutter_size=\u00a0\u00bb3&Prime; overlay_alpha=\u00a0\u00bb50&Prime; shift_x=\u00a0\u00bb0&Prime; shift_y=\u00a0\u00bb0&Prime; shift_y_down=\u00a0\u00bb0&Prime; z_index=\u00a0\u00bb0&Prime; medium_width=\u00a0\u00bb0&Prime; mobile_width=\u00a0\u00bb0&Prime; css_animation=\u00a0\u00bbright-t-left\u00a0\u00bb width=\u00a0\u00bb1\/2&Prime;][vc_single_image media=\u00a0\u00bb2358&Prime; media_width_percent=\u00a0\u00bb100&Prime;][\/vc_column_inner][\/vc_row_inner][vc_empty_space empty_h=\u00a0\u00bb3&Prime;][\/vc_column][\/vc_row]<\/p>\n<\/div>","protected":false},"excerpt":{"rendered":"<p>[vc_row row_height_percent=\u00a0\u00bb0&Prime; override_padding=\u00a0\u00bbyes\u00a0\u00bb h_padding=\u00a0\u00bb2&Prime; top_padding=\u00a0\u00bb3&Prime; bottom_padding=\u00a0\u00bb2&Prime; overlay_alpha=\u00a0\u00bb50&Prime; gutter_size=\u00a0\u00bb3&Prime; column_width_percent=\u00a0\u00bb100&Prime; shift_y=\u00a0\u00bb0&Prime; z_index=\u00a0\u00bb0&Prime;][vc_column column_width_percent=\u00a0\u00bb91&Prime; align_horizontal=\u00a0\u00bbalign_center\u00a0\u00bb gutter_size=\u00a0\u00bb2&Prime; overlay_alpha=\u00a0\u00bb50&Prime; shift_x=\u00a0\u00bb0&Prime; shift_y=\u00a0\u00bb0&Prime; shift_y_down=\u00a0\u00bb0&Prime; z_index=\u00a0\u00bb0&Prime; medium_width=\u00a0\u00bb0&Prime; [&hellip;]<\/p>\n","protected":false},"author":2,"featured_media":0,"parent":0,"menu_order":0,"comment_status":"closed","ping_status":"closed","template":"","meta":{"footnotes":""},"class_list":["post-2419","page","type-page","status-publish","hentry"],"yoast_head":"<!-- This site is optimized with the Yoast SEO plugin v27.6 - https:\/\/yoast.com\/product\/yoast-seo-wordpress\/ -->\n<title>Fonctionnalit\u00e9s - Produced In Belgium<\/title>\n<meta name=\"robots\" content=\"index, follow, max-snippet:-1, max-image-preview:large, max-video-preview:-1\" \/>\n<link rel=\"canonical\" href=\"https:\/\/producedinbelgium.com\/fr\/functionalities\/\" \/>\n<meta property=\"og:locale\" content=\"fr_FR\" \/>\n<meta property=\"og:type\" content=\"article\" \/>\n<meta property=\"og:title\" content=\"Fonctionnalit\u00e9s - Produced In Belgium\" \/>\n<meta property=\"og:description\" content=\"[vc_row row_height_percent=\u00a0\u00bb0&Prime; override_padding=\u00a0\u00bbyes\u00a0\u00bb h_padding=\u00a0\u00bb2&Prime; top_padding=\u00a0\u00bb3&Prime; bottom_padding=\u00a0\u00bb2&Prime; overlay_alpha=\u00a0\u00bb50&Prime; gutter_size=\u00a0\u00bb3&Prime; column_width_percent=\u00a0\u00bb100&Prime; shift_y=\u00a0\u00bb0&Prime; z_index=\u00a0\u00bb0&Prime;][vc_column column_width_percent=\u00a0\u00bb91&Prime; align_horizontal=\u00a0\u00bbalign_center\u00a0\u00bb gutter_size=\u00a0\u00bb2&Prime; overlay_alpha=\u00a0\u00bb50&Prime; shift_x=\u00a0\u00bb0&Prime; shift_y=\u00a0\u00bb0&Prime; shift_y_down=\u00a0\u00bb0&Prime; z_index=\u00a0\u00bb0&Prime; medium_width=\u00a0\u00bb0&Prime; [&hellip;]\" \/>\n<meta property=\"og:url\" content=\"https:\/\/producedinbelgium.com\/fr\/functionalities\/\" \/>\n<meta property=\"og:site_name\" content=\"Produced In Belgium\" \/>\n<meta property=\"article:modified_time\" content=\"2021-03-16T12:14:17+00:00\" \/>\n<meta name=\"twitter:card\" content=\"summary_large_image\" \/>\n<meta name=\"twitter:label1\" content=\"Dur\u00e9e de lecture estim\u00e9e\" \/>\n\t<meta name=\"twitter:data1\" content=\"3 minutes\" \/>\n<script type=\"application\/ld+json\" class=\"yoast-schema-graph\">{\"@context\":\"https:\\\/\\\/schema.org\",\"@graph\":[{\"@type\":\"WebPage\",\"@id\":\"https:\\\/\\\/producedinbelgium.com\\\/fr\\\/functionalities\\\/\",\"url\":\"https:\\\/\\\/producedinbelgium.com\\\/fr\\\/functionalities\\\/\",\"name\":\"Fonctionnalit\u00e9s - Produced In Belgium\",\"isPartOf\":{\"@id\":\"https:\\\/\\\/producedinbelgium.com\\\/fr\\\/#website\"},\"datePublished\":\"2021-02-09T19:03:26+00:00\",\"dateModified\":\"2021-03-16T12:14:17+00:00\",\"breadcrumb\":{\"@id\":\"https:\\\/\\\/producedinbelgium.com\\\/fr\\\/functionalities\\\/#breadcrumb\"},\"inLanguage\":\"fr-FR\",\"potentialAction\":[{\"@type\":\"ReadAction\",\"target\":[\"https:\\\/\\\/producedinbelgium.com\\\/fr\\\/functionalities\\\/\"]}]},{\"@type\":\"BreadcrumbList\",\"@id\":\"https:\\\/\\\/producedinbelgium.com\\\/fr\\\/functionalities\\\/#breadcrumb\",\"itemListElement\":[{\"@type\":\"ListItem\",\"position\":1,\"name\":\"Accueil\",\"item\":\"https:\\\/\\\/producedinbelgium.com\\\/fr\\\/\"},{\"@type\":\"ListItem\",\"position\":2,\"name\":\"Fonctionnalit\u00e9s\"}]},{\"@type\":\"WebSite\",\"@id\":\"https:\\\/\\\/producedinbelgium.com\\\/fr\\\/#website\",\"url\":\"https:\\\/\\\/producedinbelgium.com\\\/fr\\\/\",\"name\":\"Produced In Belgium\",\"description\":\"Produced In Belgium\",\"publisher\":{\"@id\":\"https:\\\/\\\/producedinbelgium.com\\\/fr\\\/#organization\"},\"potentialAction\":[{\"@type\":\"SearchAction\",\"target\":{\"@type\":\"EntryPoint\",\"urlTemplate\":\"https:\\\/\\\/producedinbelgium.com\\\/fr\\\/?s={search_term_string}\"},\"query-input\":{\"@type\":\"PropertyValueSpecification\",\"valueRequired\":true,\"valueName\":\"search_term_string\"}}],\"inLanguage\":\"fr-FR\"},{\"@type\":\"Organization\",\"@id\":\"https:\\\/\\\/producedinbelgium.com\\\/fr\\\/#organization\",\"name\":\"Produced In Belgium\",\"url\":\"https:\\\/\\\/producedinbelgium.com\\\/fr\\\/\",\"logo\":{\"@type\":\"ImageObject\",\"inLanguage\":\"fr-FR\",\"@id\":\"https:\\\/\\\/producedinbelgium.com\\\/fr\\\/#\\\/schema\\\/logo\\\/image\\\/\",\"url\":\"https:\\\/\\\/producedinbelgium.com\\\/wp-content\\\/uploads\\\/2021\\\/02\\\/cropped-pib-ico.png\",\"contentUrl\":\"https:\\\/\\\/producedinbelgium.com\\\/wp-content\\\/uploads\\\/2021\\\/02\\\/cropped-pib-ico.png\",\"width\":512,\"height\":512,\"caption\":\"Produced In Belgium\"},\"image\":{\"@id\":\"https:\\\/\\\/producedinbelgium.com\\\/fr\\\/#\\\/schema\\\/logo\\\/image\\\/\"}}]}<\/script>\n<!-- \/ Yoast SEO plugin. -->","yoast_head_json":{"title":"Fonctionnalit\u00e9s - Produced In Belgium","robots":{"index":"index","follow":"follow","max-snippet":"max-snippet:-1","max-image-preview":"max-image-preview:large","max-video-preview":"max-video-preview:-1"},"canonical":"https:\/\/producedinbelgium.com\/fr\/functionalities\/","og_locale":"fr_FR","og_type":"article","og_title":"Fonctionnalit\u00e9s - Produced In Belgium","og_description":"[vc_row row_height_percent=\u00a0\u00bb0&Prime; override_padding=\u00a0\u00bbyes\u00a0\u00bb h_padding=\u00a0\u00bb2&Prime; top_padding=\u00a0\u00bb3&Prime; bottom_padding=\u00a0\u00bb2&Prime; overlay_alpha=\u00a0\u00bb50&Prime; gutter_size=\u00a0\u00bb3&Prime; column_width_percent=\u00a0\u00bb100&Prime; shift_y=\u00a0\u00bb0&Prime; z_index=\u00a0\u00bb0&Prime;][vc_column column_width_percent=\u00a0\u00bb91&Prime; align_horizontal=\u00a0\u00bbalign_center\u00a0\u00bb gutter_size=\u00a0\u00bb2&Prime; overlay_alpha=\u00a0\u00bb50&Prime; shift_x=\u00a0\u00bb0&Prime; shift_y=\u00a0\u00bb0&Prime; shift_y_down=\u00a0\u00bb0&Prime; z_index=\u00a0\u00bb0&Prime; medium_width=\u00a0\u00bb0&Prime; [&hellip;]","og_url":"https:\/\/producedinbelgium.com\/fr\/functionalities\/","og_site_name":"Produced In Belgium","article_modified_time":"2021-03-16T12:14:17+00:00","twitter_card":"summary_large_image","twitter_misc":{"Dur\u00e9e de lecture estim\u00e9e":"3 minutes"},"schema":{"@context":"https:\/\/schema.org","@graph":[{"@type":"WebPage","@id":"https:\/\/producedinbelgium.com\/fr\/functionalities\/","url":"https:\/\/producedinbelgium.com\/fr\/functionalities\/","name":"Fonctionnalit\u00e9s - Produced In Belgium","isPartOf":{"@id":"https:\/\/producedinbelgium.com\/fr\/#website"},"datePublished":"2021-02-09T19:03:26+00:00","dateModified":"2021-03-16T12:14:17+00:00","breadcrumb":{"@id":"https:\/\/producedinbelgium.com\/fr\/functionalities\/#breadcrumb"},"inLanguage":"fr-FR","potentialAction":[{"@type":"ReadAction","target":["https:\/\/producedinbelgium.com\/fr\/functionalities\/"]}]},{"@type":"BreadcrumbList","@id":"https:\/\/producedinbelgium.com\/fr\/functionalities\/#breadcrumb","itemListElement":[{"@type":"ListItem","position":1,"name":"Accueil","item":"https:\/\/producedinbelgium.com\/fr\/"},{"@type":"ListItem","position":2,"name":"Fonctionnalit\u00e9s"}]},{"@type":"WebSite","@id":"https:\/\/producedinbelgium.com\/fr\/#website","url":"https:\/\/producedinbelgium.com\/fr\/","name":"Produced In Belgium","description":"Produced In Belgium","publisher":{"@id":"https:\/\/producedinbelgium.com\/fr\/#organization"},"potentialAction":[{"@type":"SearchAction","target":{"@type":"EntryPoint","urlTemplate":"https:\/\/producedinbelgium.com\/fr\/?s={search_term_string}"},"query-input":{"@type":"PropertyValueSpecification","valueRequired":true,"valueName":"search_term_string"}}],"inLanguage":"fr-FR"},{"@type":"Organization","@id":"https:\/\/producedinbelgium.com\/fr\/#organization","name":"Produced In Belgium","url":"https:\/\/producedinbelgium.com\/fr\/","logo":{"@type":"ImageObject","inLanguage":"fr-FR","@id":"https:\/\/producedinbelgium.com\/fr\/#\/schema\/logo\/image\/","url":"https:\/\/producedinbelgium.com\/wp-content\/uploads\/2021\/02\/cropped-pib-ico.png","contentUrl":"https:\/\/producedinbelgium.com\/wp-content\/uploads\/2021\/02\/cropped-pib-ico.png","width":512,"height":512,"caption":"Produced In Belgium"},"image":{"@id":"https:\/\/producedinbelgium.com\/fr\/#\/schema\/logo\/image\/"}}]}},"featured_image_src":null,"featured_image_src_square":null,"_links":{"self":[{"href":"https:\/\/producedinbelgium.com\/fr\/wp-json\/wp\/v2\/pages\/2419","targetHints":{"allow":["GET"]}}],"collection":[{"href":"https:\/\/producedinbelgium.com\/fr\/wp-json\/wp\/v2\/pages"}],"about":[{"href":"https:\/\/producedinbelgium.com\/fr\/wp-json\/wp\/v2\/types\/page"}],"author":[{"embeddable":true,"href":"https:\/\/producedinbelgium.com\/fr\/wp-json\/wp\/v2\/users\/2"}],"replies":[{"embeddable":true,"href":"https:\/\/producedinbelgium.com\/fr\/wp-json\/wp\/v2\/comments?post=2419"}],"version-history":[{"count":0,"href":"https:\/\/producedinbelgium.com\/fr\/wp-json\/wp\/v2\/pages\/2419\/revisions"}],"wp:attachment":[{"href":"https:\/\/producedinbelgium.com\/fr\/wp-json\/wp\/v2\/media?parent=2419"}],"curies":[{"name":"wp","href":"https:\/\/api.w.org\/{rel}","templated":true}]}}