{"id":33,"date":"2020-03-10T16:00:43","date_gmt":"2020-03-10T16:00:43","guid":{"rendered":"http:\/\/pibelgium.wpengine.com\/?page_id=33"},"modified":"2021-02-16T16:17:42","modified_gmt":"2021-02-16T16:17:42","slug":"homepage","status":"publish","type":"page","link":"https:\/\/producedinbelgium.com\/fr\/","title":{"rendered":"Create customer confidence"},"content":{"rendered":"<div class=\"wpb-content-wrapper\"><p>[vc_row row_height_percent=\u00a0\u00bb0&Prime; override_padding=\u00a0\u00bbyes\u00a0\u00bb h_padding=\u00a0\u00bb2&Prime; top_padding=\u00a0\u00bb0&Prime; bottom_padding=\u00a0\u00bb2&Prime; back_color=\u00a0\u00bbcolor-187460&Prime; back_image=\u00a0\u00bb2439&Prime; back_repeat=\u00a0\u00bbno-repeat\u00a0\u00bb back_position=\u00a0\u00bbcenter top\u00a0\u00bb overlay_alpha=\u00a0\u00bb50&Prime; gutter_size=\u00a0\u00bb3&Prime; column_width_percent=\u00a0\u00bb100&Prime; shift_y=\u00a0\u00bb0&Prime; z_index=\u00a0\u00bb0&Prime; enable_bottom_divider=\u00a0\u00bbdefault\u00a0\u00bb shape_bottom_invert=\u00a0\u00bbyes\u00a0\u00bb shape_bottom_h_use_pixel=\u00a0\u00bb\u00a0\u00bb shape_bottom_height=\u00a0\u00bb150&Prime; shape_bottom_opacity=\u00a0\u00bb100&Prime; shape_bottom_index=\u00a0\u00bb0&Prime; mobile_visibility=\u00a0\u00bbyes\u00a0\u00bb back_size=\u00a0\u00bbauto\u00a0\u00bb][vc_column column_width_percent=\u00a0\u00bb100&Prime; align_horizontal=\u00a0\u00bbalign_center\u00a0\u00bb gutter_size=\u00a0\u00bb3&Prime; overlay_alpha=\u00a0\u00bb50&Prime; shift_x=\u00a0\u00bb0&Prime; shift_y=\u00a0\u00bb0&Prime; shift_y_down=\u00a0\u00bb0&Prime; z_index=\u00a0\u00bb0&Prime; medium_width=\u00a0\u00bb0&Prime; mobile_width=\u00a0\u00bb0&Prime; width=\u00a0\u00bb1\/1&Prime;][vc_row_inner][vc_column_inner column_width_percent=\u00a0\u00bb100&Prime; gutter_size=\u00a0\u00bb2&Prime; style=\u00a0\u00bbdark\u00a0\u00bb overlay_alpha=\u00a0\u00bb50&Prime; shift_x=\u00a0\u00bb0&Prime; shift_y=\u00a0\u00bb0&Prime; shift_y_down=\u00a0\u00bb0&Prime; z_index=\u00a0\u00bb0&Prime; medium_width=\u00a0\u00bb0&Prime; mobile_width=\u00a0\u00bb0&Prime; width=\u00a0\u00bb1\/2&Prime;][vc_empty_space empty_h=\u00a0\u00bb2&Prime;][vc_custom_heading heading_semantic=\u00a0\u00bbh1&Prime; text_font=\u00a0\u00bbfont-140630&Prime; text_size=\u00a0\u00bbh1&Prime; text_weight=\u00a0\u00bb800&Prime; text_height=\u00a0\u00bbfontheight-707223&Prime;]Renforcez la confiance des clients[\/vc_custom_heading][vc_column_text text_lead=\u00a0\u00bbyes\u00a0\u00bb]Les avis de vos consommateurs et les notes qu&rsquo;ils vous attribuent constituent le meilleur label de qualit\u00e9 belge, garantissant votre succ\u00e8s \u00e0 l&rsquo;exportation et l&rsquo;augmentation de vos ventes.[\/vc_column_text][vc_button button_color=\u00a0\u00bbcolor-jevc\u00a0\u00bb size=\u00a0\u00bbbtn-lg\u00a0\u00bb radius=\u00a0\u00bbbtn-round\u00a0\u00bb border_animation=\u00a0\u00bbbtn-ripple-out\u00a0\u00bb hover_fx=\u00a0\u00bboutlined\u00a0\u00bb border_width=\u00a0\u00bb0&Prime; link=\u00a0\u00bburl:%2Ffr%2Ffunctionalities%2F|title:Functionalities\u00a0\u00bb]Fonctionnalit\u00e9s[\/vc_button][vc_empty_space empty_h=\u00a0\u00bb3&Prime;][\/vc_column_inner][vc_column_inner width=\u00a0\u00bb1\/2&Prime;][\/vc_column_inner][\/vc_row_inner][\/vc_column][\/vc_row][vc_row row_height_percent=\u00a0\u00bb0&Prime; override_padding=\u00a0\u00bbyes\u00a0\u00bb h_padding=\u00a0\u00bb2&Prime; top_padding=\u00a0\u00bb0&Prime; bottom_padding=\u00a0\u00bb2&Prime; back_color=\u00a0\u00bbcolor-187460&Prime; overlay_alpha=\u00a0\u00bb50&Prime; gutter_size=\u00a0\u00bb3&Prime; column_width_percent=\u00a0\u00bb100&Prime; shift_y=\u00a0\u00bb0&Prime; z_index=\u00a0\u00bb0&Prime; enable_bottom_divider=\u00a0\u00bbdefault\u00a0\u00bb shape_bottom_invert=\u00a0\u00bbyes\u00a0\u00bb shape_bottom_h_use_pixel=\u00a0\u00bb\u00a0\u00bb shape_bottom_height=\u00a0\u00bb150&Prime; shape_bottom_opacity=\u00a0\u00bb100&Prime; shape_bottom_index=\u00a0\u00bb0&Prime; desktop_visibility=\u00a0\u00bbyes\u00a0\u00bb medium_visibility=\u00a0\u00bbyes\u00a0\u00bb][vc_column column_width_percent=\u00a0\u00bb100&Prime; align_horizontal=\u00a0\u00bbalign_center\u00a0\u00bb gutter_size=\u00a0\u00bb3&Prime; overlay_alpha=\u00a0\u00bb50&Prime; shift_x=\u00a0\u00bb0&Prime; shift_y=\u00a0\u00bb0&Prime; shift_y_down=\u00a0\u00bb0&Prime; z_index=\u00a0\u00bb0&Prime; medium_width=\u00a0\u00bb0&Prime; mobile_width=\u00a0\u00bb0&Prime; width=\u00a0\u00bb1\/1&Prime;][vc_row_inner][vc_column_inner column_width_percent=\u00a0\u00bb100&Prime; align_horizontal=\u00a0\u00bbalign_center\u00a0\u00bb gutter_size=\u00a0\u00bb2&Prime; style=\u00a0\u00bbdark\u00a0\u00bb overlay_alpha=\u00a0\u00bb50&Prime; shift_x=\u00a0\u00bb0&Prime; shift_y=\u00a0\u00bb0&Prime; shift_y_down=\u00a0\u00bb0&Prime; z_index=\u00a0\u00bb0&Prime; medium_width=\u00a0\u00bb0&Prime; mobile_width=\u00a0\u00bb0&Prime; width=\u00a0\u00bb1\/1&Prime;][vc_empty_space empty_h=\u00a0\u00bb2&Prime;][vc_custom_heading heading_semantic=\u00a0\u00bbh1&Prime; text_font=\u00a0\u00bbfont-140630&Prime; text_size=\u00a0\u00bbh1&Prime; text_weight=\u00a0\u00bb800&Prime; text_height=\u00a0\u00bbfontheight-707223&Prime;]Renforcez la confiance des clients[\/vc_custom_heading][vc_column_text text_lead=\u00a0\u00bbyes\u00a0\u00bb]Les avis de vos consommateurs et les notes qu&rsquo;ils vous attribuent constituent le meilleur label de qualit\u00e9 belge, garantissant votre succ\u00e8s \u00e0 l&rsquo;exportation et l&rsquo;augmentation de vos ventes.[\/vc_column_text][vc_button button_color=\u00a0\u00bbcolor-jevc\u00a0\u00bb size=\u00a0\u00bbbtn-lg\u00a0\u00bb radius=\u00a0\u00bbbtn-round\u00a0\u00bb border_animation=\u00a0\u00bbbtn-ripple-out\u00a0\u00bb hover_fx=\u00a0\u00bboutlined\u00a0\u00bb border_width=\u00a0\u00bb0&Prime; link=\u00a0\u00bburl:%2Ffr%2Ffonctionnalites%2F|title:Functionalities\u00a0\u00bb]Fonctionnalit\u00e9s[\/vc_button][vc_empty_space empty_h=\u00a0\u00bb3&Prime;][\/vc_column_inner][\/vc_row_inner][\/vc_column][\/vc_row][vc_row row_height_percent=\u00a0\u00bb0&Prime; override_padding=\u00a0\u00bbyes\u00a0\u00bb h_padding=\u00a0\u00bb2&Prime; top_padding=\u00a0\u00bb3&Prime; bottom_padding=\u00a0\u00bb2&Prime; overlay_alpha=\u00a0\u00bb50&Prime; gutter_size=\u00a0\u00bb3&Prime; column_width_percent=\u00a0\u00bb100&Prime; shift_y=\u00a0\u00bb0&Prime; z_index=\u00a0\u00bb0&Prime;][vc_column column_width_percent=\u00a0\u00bb91&Prime; align_horizontal=\u00a0\u00bbalign_center\u00a0\u00bb gutter_size=\u00a0\u00bb2&Prime; overlay_alpha=\u00a0\u00bb50&Prime; shift_x=\u00a0\u00bb0&Prime; shift_y=\u00a0\u00bb0&Prime; shift_y_down=\u00a0\u00bb0&Prime; z_index=\u00a0\u00bb0&Prime; medium_width=\u00a0\u00bb0&Prime; mobile_width=\u00a0\u00bb0&Prime; width=\u00a0\u00bb1\/1&Prime;][vc_custom_heading text_font=\u00a0\u00bbfont-140630&Prime; text_size=\u00a0\u00bbh1&Prime; text_weight=\u00a0\u00bb800&Prime; text_color=\u00a0\u00bbcolor-jevc\u00a0\u00bb sub_lead=\u00a0\u00bbsmall\u00a0\u00bb sub_reduced=\u00a0\u00bbyes\u00a0\u00bb]Choisir un label de qualit\u00e9[\/vc_custom_heading][vc_column_text text_lead=\u00a0\u00bbyes\u00a0\u00bb]Pour instaurer la confiance aupr\u00e8s de vos consommateurs, utilisez notre label de qualit\u00e9 et son score unique transparent et honn\u00eate.[\/vc_column_text][vc_empty_space empty_h=\u00a0\u00bb2&Prime;][vc_row_inner row_inner_height_percent=\u00a0\u00bb0&Prime; overlay_alpha=\u00a0\u00bb50&Prime; equal_height=\u00a0\u00bbyes\u00a0\u00bb gutter_size=\u00a0\u00bb3&Prime; shift_y=\u00a0\u00bb0&Prime; z_index=\u00a0\u00bb0&Prime;][vc_column_inner column_width_percent=\u00a0\u00bb100&Prime; position_vertical=\u00a0\u00bbmiddle\u00a0\u00bb gutter_size=\u00a0\u00bb3&Prime; overlay_alpha=\u00a0\u00bb50&Prime; shift_x=\u00a0\u00bb0&Prime; shift_y=\u00a0\u00bb0&Prime; shift_y_down=\u00a0\u00bb0&Prime; z_index=\u00a0\u00bb0&Prime; medium_width=\u00a0\u00bb0&Prime; mobile_width=\u00a0\u00bb0&Prime; css_animation=\u00a0\u00bbleft-t-right\u00a0\u00bb width=\u00a0\u00bb1\/2&Prime;][vc_single_image media=\u00a0\u00bb2414&Prime; media_width_percent=\u00a0\u00bb100&Prime;][\/vc_column_inner][vc_column_inner column_width_percent=\u00a0\u00bb100&Prime; position_vertical=\u00a0\u00bbmiddle\u00a0\u00bb gutter_size=\u00a0\u00bb2&Prime; overlay_alpha=\u00a0\u00bb50&Prime; shift_x=\u00a0\u00bb0&Prime; shift_y=\u00a0\u00bb0&Prime; shift_y_down=\u00a0\u00bb0&Prime; z_index=\u00a0\u00bb0&Prime; medium_width=\u00a0\u00bb0&Prime; mobile_width=\u00a0\u00bb0&Prime; css_animation=\u00a0\u00bbright-t-left\u00a0\u00bb width=\u00a0\u00bb1\/2&Prime;][vc_custom_heading heading_semantic=\u00a0\u00bbh4&Prime; text_font=\u00a0\u00bbfont-140630&Prime; text_weight=\u00a0\u00bb800&Prime; text_color=\u00a0\u00bbcolor-jevc\u00a0\u00bb sub_reduced=\u00a0\u00bbyes\u00a0\u00bb]La charte de certification de ProducedinBelgium.[\/vc_custom_heading][vc_column_text]C\u2019est plus de 500 labels qui sont d\u00e9j\u00e0 d\u00e9cern\u00e9s et utilis\u00e9s en Belgique dans les secteurs de l\u2019immobilier, des assurances, du d\u00e9m\u00e9nagement, c\u2019est maintenant\u00a0 au secteur de la production de biens de disposer de son label de qualit\u00e9 construit avec et sur l\u2019avis des consommateurs. Notre label est construit en toute transparence, honn\u00eatet\u00e9\u00a0 et les produits qui affichent notre label respectent la charte de certification d\u2019utilisation de produced in belgium.[\/vc_column_text][vc_button button_color=\u00a0\u00bbcolor-jevc\u00a0\u00bb size=\u00a0\u00bbbtn-lg\u00a0\u00bb radius=\u00a0\u00bbbtn-round\u00a0\u00bb border_animation=\u00a0\u00bbbtn-ripple-out\u00a0\u00bb hover_fx=\u00a0\u00bboutlined\u00a0\u00bb outline=\u00a0\u00bbyes\u00a0\u00bb border_width=\u00a0\u00bb0&Prime; link=\u00a0\u00bburl:%2Ffr%2Fproduced-in-belgium-certification-charter%2F|title:Produced%20in%20Belgium%20certification%20charter|rel:nofollow\u00a0\u00bb]En savoir plus[\/vc_button][\/vc_column_inner][\/vc_row_inner][vc_empty_space empty_h=\u00a0\u00bb2&Prime;][vc_row_inner row_inner_height_percent=\u00a0\u00bb0&Prime; overlay_alpha=\u00a0\u00bb50&Prime; equal_height=\u00a0\u00bbyes\u00a0\u00bb gutter_size=\u00a0\u00bb3&Prime; shift_y=\u00a0\u00bb0&Prime; z_index=\u00a0\u00bb0&Prime; inverted_device_order=\u00a0\u00bbyes\u00a0\u00bb][vc_column_inner column_width_percent=\u00a0\u00bb100&Prime; position_vertical=\u00a0\u00bbmiddle\u00a0\u00bb gutter_size=\u00a0\u00bb2&Prime; overlay_alpha=\u00a0\u00bb50&Prime; shift_x=\u00a0\u00bb0&Prime; shift_y=\u00a0\u00bb0&Prime; shift_y_down=\u00a0\u00bb0&Prime; z_index=\u00a0\u00bb0&Prime; medium_width=\u00a0\u00bb0&Prime; mobile_width=\u00a0\u00bb0&Prime; css_animation=\u00a0\u00bbleft-t-right\u00a0\u00bb width=\u00a0\u00bb1\/2&Prime;][vc_custom_heading heading_semantic=\u00a0\u00bbh4&Prime; text_font=\u00a0\u00bbfont-140630&Prime; text_weight=\u00a0\u00bb800&Prime; text_color=\u00a0\u00bbcolor-jevc\u00a0\u00bb sub_reduced=\u00a0\u00bbyes\u00a0\u00bb]Version 100% digitale[\/vc_custom_heading][vc_column_text]Notre label \u00ab produced in belgium \u00bb et sa version 100% digitale\u00a0 a avant tout \u00e9t\u00e9 cr\u00e9\u00e9 pour donner la parole \u00e0 vos consommateurs, les seuls vrais experts en mati\u00e8re de produits de grande consommation et autres produits et services consommateurs. \u00ab Produced in belgium \u00bb permet ainsi aux consommateurs de rep\u00e9rer les nouveaux produits en magasins tout en profitant d\u2019une caution suppl\u00e9mentaire &#8211; un label de qualit\u00e9 &#8211; apport\u00e9e par l\u2019\u00e9valuation faite par des consommateurs comme eux.[\/vc_column_text][vc_button button_color=\u00a0\u00bbcolor-jevc\u00a0\u00bb size=\u00a0\u00bbbtn-lg\u00a0\u00bb radius=\u00a0\u00bbbtn-round\u00a0\u00bb border_animation=\u00a0\u00bbbtn-ripple-out\u00a0\u00bb hover_fx=\u00a0\u00bboutlined\u00a0\u00bb outline=\u00a0\u00bbyes\u00a0\u00bb border_width=\u00a0\u00bb0&Prime; link=\u00a0\u00bburl:%2Ffr%2Ffunctionalities%2F|title:Fonctionnalit%C3%A9s\u00a0\u00bb]Fonctionnalit\u00e9s[\/vc_button][\/vc_column_inner][vc_column_inner column_width_percent=\u00a0\u00bb100&Prime; position_vertical=\u00a0\u00bbmiddle\u00a0\u00bb gutter_size=\u00a0\u00bb3&Prime; overlay_alpha=\u00a0\u00bb50&Prime; shift_x=\u00a0\u00bb0&Prime; shift_y=\u00a0\u00bb0&Prime; shift_y_down=\u00a0\u00bb0&Prime; z_index=\u00a0\u00bb0&Prime; medium_width=\u00a0\u00bb0&Prime; mobile_width=\u00a0\u00bb0&Prime; css_animation=\u00a0\u00bbright-t-left\u00a0\u00bb width=\u00a0\u00bb1\/2&Prime;][vc_single_image media=\u00a0\u00bb2358&Prime; media_width_percent=\u00a0\u00bb100&Prime;][\/vc_column_inner][\/vc_row_inner][vc_empty_space empty_h=\u00a0\u00bb3&Prime;][\/vc_column][\/vc_row]<\/p>\n<\/div>","protected":false},"excerpt":{"rendered":"<p>L\u2019avis de vos consommateurs et le score qu\u2019ils vous donnent forme le meilleur label de qualit\u00e9 Belge pour r\u00e9ussir vos exportations et augmenter vos ventes<\/p>\n","protected":false},"author":2,"featured_media":2416,"parent":0,"menu_order":0,"comment_status":"closed","ping_status":"closed","template":"","meta":{"footnotes":""},"class_list":["post-33","page","type-page","status-publish","has-post-thumbnail","hentry"],"yoast_head":"<!-- This site is optimized with the Yoast SEO plugin v27.6 - https:\/\/yoast.com\/product\/yoast-seo-wordpress\/ -->\n<title>Create customer confidence - Produced In Belgium<\/title>\n<meta name=\"description\" content=\"L\u2019avis de vos consommateurs et le score qu\u2019ils vous donnent forme le meilleur label de qualit\u00e9 Belge pour r\u00e9ussir vos exportations et augmenter vos ventes\" \/>\n<meta name=\"robots\" content=\"index, follow, max-snippet:-1, max-image-preview:large, max-video-preview:-1\" \/>\n<link rel=\"canonical\" href=\"https:\/\/producedinbelgium.com\/fr\/\" \/>\n<meta property=\"og:locale\" content=\"fr_FR\" \/>\n<meta property=\"og:type\" content=\"article\" \/>\n<meta property=\"og:title\" content=\"Create customer confidence - Produced In Belgium\" \/>\n<meta property=\"og:description\" content=\"L\u2019avis de vos consommateurs et le score qu\u2019ils vous donnent forme le meilleur label de qualit\u00e9 Belge pour r\u00e9ussir vos exportations et augmenter vos ventes\" \/>\n<meta property=\"og:url\" content=\"https:\/\/producedinbelgium.com\/fr\/\" \/>\n<meta property=\"og:site_name\" content=\"Produced In Belgium\" \/>\n<meta property=\"article:modified_time\" content=\"2021-02-16T16:17:42+00:00\" \/>\n<meta property=\"og:image\" content=\"https:\/\/producedinbelgium.com\/wp-content\/uploads\/2021\/02\/pib-visurel-01.jpg\" \/>\n\t<meta property=\"og:image:width\" content=\"800\" \/>\n\t<meta property=\"og:image:height\" content=\"600\" \/>\n\t<meta property=\"og:image:type\" content=\"image\/jpeg\" \/>\n<meta name=\"twitter:card\" content=\"summary_large_image\" \/>\n<meta name=\"twitter:label1\" content=\"Dur\u00e9e de lecture estim\u00e9e\" \/>\n\t<meta name=\"twitter:data1\" content=\"3 minutes\" \/>\n<script type=\"application\/ld+json\" class=\"yoast-schema-graph\">{\"@context\":\"https:\\\/\\\/schema.org\",\"@graph\":[{\"@type\":\"WebPage\",\"@id\":\"https:\\\/\\\/producedinbelgium.com\\\/fr\\\/\",\"url\":\"https:\\\/\\\/producedinbelgium.com\\\/fr\\\/\",\"name\":\"Create customer confidence - Produced In Belgium\",\"isPartOf\":{\"@id\":\"https:\\\/\\\/producedinbelgium.com\\\/fr\\\/#website\"},\"primaryImageOfPage\":{\"@id\":\"https:\\\/\\\/producedinbelgium.com\\\/fr\\\/#primaryimage\"},\"image\":{\"@id\":\"https:\\\/\\\/producedinbelgium.com\\\/fr\\\/#primaryimage\"},\"thumbnailUrl\":\"https:\\\/\\\/producedinbelgium.com\\\/wp-content\\\/uploads\\\/2021\\\/02\\\/pib-visurel-01.jpg\",\"datePublished\":\"2020-03-10T16:00:43+00:00\",\"dateModified\":\"2021-02-16T16:17:42+00:00\",\"description\":\"L\u2019avis de vos consommateurs et le score qu\u2019ils vous donnent forme le meilleur label de qualit\u00e9 Belge pour r\u00e9ussir vos exportations et augmenter vos ventes\",\"breadcrumb\":{\"@id\":\"https:\\\/\\\/producedinbelgium.com\\\/fr\\\/#breadcrumb\"},\"inLanguage\":\"fr-FR\",\"potentialAction\":[{\"@type\":\"ReadAction\",\"target\":[\"https:\\\/\\\/producedinbelgium.com\\\/fr\\\/\"]}]},{\"@type\":\"ImageObject\",\"inLanguage\":\"fr-FR\",\"@id\":\"https:\\\/\\\/producedinbelgium.com\\\/fr\\\/#primaryimage\",\"url\":\"https:\\\/\\\/producedinbelgium.com\\\/wp-content\\\/uploads\\\/2021\\\/02\\\/pib-visurel-01.jpg\",\"contentUrl\":\"https:\\\/\\\/producedinbelgium.com\\\/wp-content\\\/uploads\\\/2021\\\/02\\\/pib-visurel-01.jpg\",\"width\":800,\"height\":600},{\"@type\":\"BreadcrumbList\",\"@id\":\"https:\\\/\\\/producedinbelgium.com\\\/fr\\\/#breadcrumb\",\"itemListElement\":[{\"@type\":\"ListItem\",\"position\":1,\"name\":\"Accueil\",\"item\":\"https:\\\/\\\/producedinbelgium.com\\\/fr\\\/\"},{\"@type\":\"ListItem\",\"position\":2,\"name\":\"Create customer confidence\"}]},{\"@type\":\"WebSite\",\"@id\":\"https:\\\/\\\/producedinbelgium.com\\\/fr\\\/#website\",\"url\":\"https:\\\/\\\/producedinbelgium.com\\\/fr\\\/\",\"name\":\"Produced In Belgium\",\"description\":\"Produced In Belgium\",\"publisher\":{\"@id\":\"https:\\\/\\\/producedinbelgium.com\\\/fr\\\/#organization\"},\"potentialAction\":[{\"@type\":\"SearchAction\",\"target\":{\"@type\":\"EntryPoint\",\"urlTemplate\":\"https:\\\/\\\/producedinbelgium.com\\\/fr\\\/?s={search_term_string}\"},\"query-input\":{\"@type\":\"PropertyValueSpecification\",\"valueRequired\":true,\"valueName\":\"search_term_string\"}}],\"inLanguage\":\"fr-FR\"},{\"@type\":\"Organization\",\"@id\":\"https:\\\/\\\/producedinbelgium.com\\\/fr\\\/#organization\",\"name\":\"Produced In Belgium\",\"url\":\"https:\\\/\\\/producedinbelgium.com\\\/fr\\\/\",\"logo\":{\"@type\":\"ImageObject\",\"inLanguage\":\"fr-FR\",\"@id\":\"https:\\\/\\\/producedinbelgium.com\\\/fr\\\/#\\\/schema\\\/logo\\\/image\\\/\",\"url\":\"https:\\\/\\\/producedinbelgium.com\\\/wp-content\\\/uploads\\\/2021\\\/02\\\/cropped-pib-ico.png\",\"contentUrl\":\"https:\\\/\\\/producedinbelgium.com\\\/wp-content\\\/uploads\\\/2021\\\/02\\\/cropped-pib-ico.png\",\"width\":512,\"height\":512,\"caption\":\"Produced In Belgium\"},\"image\":{\"@id\":\"https:\\\/\\\/producedinbelgium.com\\\/fr\\\/#\\\/schema\\\/logo\\\/image\\\/\"}}]}<\/script>\n<!-- \/ Yoast SEO plugin. -->","yoast_head_json":{"title":"Create customer confidence - Produced In Belgium","description":"L\u2019avis de vos consommateurs et le score qu\u2019ils vous donnent forme le meilleur label de qualit\u00e9 Belge pour r\u00e9ussir vos exportations et augmenter vos ventes","robots":{"index":"index","follow":"follow","max-snippet":"max-snippet:-1","max-image-preview":"max-image-preview:large","max-video-preview":"max-video-preview:-1"},"canonical":"https:\/\/producedinbelgium.com\/fr\/","og_locale":"fr_FR","og_type":"article","og_title":"Create customer confidence - Produced In Belgium","og_description":"L\u2019avis de vos consommateurs et le score qu\u2019ils vous donnent forme le meilleur label de qualit\u00e9 Belge pour r\u00e9ussir vos exportations et augmenter vos ventes","og_url":"https:\/\/producedinbelgium.com\/fr\/","og_site_name":"Produced In Belgium","article_modified_time":"2021-02-16T16:17:42+00:00","og_image":[{"width":800,"height":600,"url":"https:\/\/producedinbelgium.com\/wp-content\/uploads\/2021\/02\/pib-visurel-01.jpg","type":"image\/jpeg"}],"twitter_card":"summary_large_image","twitter_misc":{"Dur\u00e9e de lecture estim\u00e9e":"3 minutes"},"schema":{"@context":"https:\/\/schema.org","@graph":[{"@type":"WebPage","@id":"https:\/\/producedinbelgium.com\/fr\/","url":"https:\/\/producedinbelgium.com\/fr\/","name":"Create customer confidence - Produced In Belgium","isPartOf":{"@id":"https:\/\/producedinbelgium.com\/fr\/#website"},"primaryImageOfPage":{"@id":"https:\/\/producedinbelgium.com\/fr\/#primaryimage"},"image":{"@id":"https:\/\/producedinbelgium.com\/fr\/#primaryimage"},"thumbnailUrl":"https:\/\/producedinbelgium.com\/wp-content\/uploads\/2021\/02\/pib-visurel-01.jpg","datePublished":"2020-03-10T16:00:43+00:00","dateModified":"2021-02-16T16:17:42+00:00","description":"L\u2019avis de vos consommateurs et le score qu\u2019ils vous donnent forme le meilleur label de qualit\u00e9 Belge pour r\u00e9ussir vos exportations et augmenter vos ventes","breadcrumb":{"@id":"https:\/\/producedinbelgium.com\/fr\/#breadcrumb"},"inLanguage":"fr-FR","potentialAction":[{"@type":"ReadAction","target":["https:\/\/producedinbelgium.com\/fr\/"]}]},{"@type":"ImageObject","inLanguage":"fr-FR","@id":"https:\/\/producedinbelgium.com\/fr\/#primaryimage","url":"https:\/\/producedinbelgium.com\/wp-content\/uploads\/2021\/02\/pib-visurel-01.jpg","contentUrl":"https:\/\/producedinbelgium.com\/wp-content\/uploads\/2021\/02\/pib-visurel-01.jpg","width":800,"height":600},{"@type":"BreadcrumbList","@id":"https:\/\/producedinbelgium.com\/fr\/#breadcrumb","itemListElement":[{"@type":"ListItem","position":1,"name":"Accueil","item":"https:\/\/producedinbelgium.com\/fr\/"},{"@type":"ListItem","position":2,"name":"Create customer confidence"}]},{"@type":"WebSite","@id":"https:\/\/producedinbelgium.com\/fr\/#website","url":"https:\/\/producedinbelgium.com\/fr\/","name":"Produced In Belgium","description":"Produced In Belgium","publisher":{"@id":"https:\/\/producedinbelgium.com\/fr\/#organization"},"potentialAction":[{"@type":"SearchAction","target":{"@type":"EntryPoint","urlTemplate":"https:\/\/producedinbelgium.com\/fr\/?s={search_term_string}"},"query-input":{"@type":"PropertyValueSpecification","valueRequired":true,"valueName":"search_term_string"}}],"inLanguage":"fr-FR"},{"@type":"Organization","@id":"https:\/\/producedinbelgium.com\/fr\/#organization","name":"Produced In Belgium","url":"https:\/\/producedinbelgium.com\/fr\/","logo":{"@type":"ImageObject","inLanguage":"fr-FR","@id":"https:\/\/producedinbelgium.com\/fr\/#\/schema\/logo\/image\/","url":"https:\/\/producedinbelgium.com\/wp-content\/uploads\/2021\/02\/cropped-pib-ico.png","contentUrl":"https:\/\/producedinbelgium.com\/wp-content\/uploads\/2021\/02\/cropped-pib-ico.png","width":512,"height":512,"caption":"Produced In Belgium"},"image":{"@id":"https:\/\/producedinbelgium.com\/fr\/#\/schema\/logo\/image\/"}}]}},"featured_image_src":"https:\/\/producedinbelgium.com\/wp-content\/uploads\/2021\/02\/pib-visurel-01.jpg","featured_image_src_square":"https:\/\/producedinbelgium.com\/wp-content\/uploads\/2021\/02\/pib-visurel-01.jpg","_links":{"self":[{"href":"https:\/\/producedinbelgium.com\/fr\/wp-json\/wp\/v2\/pages\/33","targetHints":{"allow":["GET"]}}],"collection":[{"href":"https:\/\/producedinbelgium.com\/fr\/wp-json\/wp\/v2\/pages"}],"about":[{"href":"https:\/\/producedinbelgium.com\/fr\/wp-json\/wp\/v2\/types\/page"}],"author":[{"embeddable":true,"href":"https:\/\/producedinbelgium.com\/fr\/wp-json\/wp\/v2\/users\/2"}],"replies":[{"embeddable":true,"href":"https:\/\/producedinbelgium.com\/fr\/wp-json\/wp\/v2\/comments?post=33"}],"version-history":[{"count":0,"href":"https:\/\/producedinbelgium.com\/fr\/wp-json\/wp\/v2\/pages\/33\/revisions"}],"wp:featuredmedia":[{"embeddable":true,"href":"https:\/\/producedinbelgium.com\/fr\/wp-json\/wp\/v2\/media\/2416"}],"wp:attachment":[{"href":"https:\/\/producedinbelgium.com\/fr\/wp-json\/wp\/v2\/media?parent=33"}],"curies":[{"name":"wp","href":"https:\/\/api.w.org\/{rel}","templated":true}]}}